{"id":327,"date":"2019-02-17T16:42:44","date_gmt":"2019-02-17T15:42:44","guid":{"rendered":"https:\/\/www.oliomandelli.it\/cookie-policy\/"},"modified":"2019-02-17T16:42:44","modified_gmt":"2019-02-17T15:42:44","slug":"cookie-policy","status":"publish","type":"page","link":"https:\/\/www.oliomandelli.it\/en\/cookie-policy\/","title":{"rendered":"Cookie Policy"},"content":{"rendered":"<p>[et_pb_section fb_built=&#8221;1&#8243; _builder_version=&#8221;3.19.6&#8243; custom_padding=&#8221;0px|0px|0px|0px|false|false&#8221;][et_pb_row make_fullwidth=&#8221;on&#8221; _builder_version=&#8221;3.19.6&#8243;][et_pb_column type=&#8221;4_4&#8243; _builder_version=&#8221;3.0.47&#8243; parallax=&#8221;off&#8221; parallax_method=&#8221;on&#8221;][et_pb_post_title meta=&#8221;off&#8221; featured_placement=&#8221;background&#8221; text_color=&#8221;light&#8221; _builder_version=&#8221;3.19.6&#8243; title_font_size=&#8221;60px&#8221; title_font_size_tablet=&#8221;26px&#8221; title_font_size_last_edited=&#8221;on|desktop&#8221; text_orientation=&#8221;center&#8221; text_shadow_style=&#8221;preset5&#8243;][\/et_pb_post_title][\/et_pb_column][\/et_pb_row][\/et_pb_section][et_pb_section fb_built=&#8221;1&#8243; _builder_version=&#8221;3.0.47&#8243;][et_pb_row _builder_version=&#8221;3.0.48&#8243; background_size=&#8221;initial&#8221; background_position=&#8221;top_left&#8221; background_repeat=&#8221;repeat&#8221;][et_pb_column type=&#8221;4_4&#8243; _builder_version=&#8221;3.0.47&#8243; parallax=&#8221;off&#8221; parallax_method=&#8221;on&#8221;][et_pb_text _builder_version=&#8221;3.19.6&#8243;]<\/p>\n<p>Informativa sull\u2019uso dei cookie aggiornata al 17\/02\/2019\u00a0\u00a0<\/p>\n<p>Questa informativa sull\u2019utilizzo dei cookie sul sito web www.oliomandelli.it viene fornita all\u2019utente in attuazione del provvedimento del Garante per la protezione dei dati personali dell\u20198 maggio 2014 \u201cIndividuazione delle modalit\u00e0 semplificate per l\u2019informativa e l\u2019acquisizione del consenso per l\u2019uso dei cookie\u201d e nel rispetto dell\u2019art. 13 del Codice privacy (D.Lgs. n. 196\/2003).<\/p>\n<p>L\u2019informativa \u00e8 predisposta e aggiornata da Azienda Agricola Francesco Mandelli, gestore del sito web e Titolare del trattamento di dati personali a esso connesso, con sede in Via Gardesana, 31 38062 ARCO (TN)<\/p>\n<p>Ogni ulteriore richiesta circa l\u2019utilizzo dei cookie nel presente sito web pu\u00f2 essere inviata all\u2019 indirizzo email info@oliomandelli.it<\/p>\n<p>L\u2019utente pu\u00f2 utilizzare suddetto indirizzo per esercitare in qualsiasi momento i diritti che il Codice gli attribuisce in qualit\u00e0 di interessato (art. 7 e ss D.Lgs. 30 giugno 2003, n. 196: per esempio, accesso, cancellazione, aggiornamento, integrazione, rettificazione ecc.), nonch\u00e9 per chiedere l\u2019elenco aggiornato dei Responsabili del trattamento eventualmente incaricati.<\/p>\n<p>I dati personali dell\u2019utente sono trattati in ogni caso da specifici responsabili di Azienda Agricola Francesco Mandelli e non sono comunicati n\u00e9 diffusi.<\/p>\n<h2>CHE COSA SONO I COOKIE?<\/h2>\n<p>I cookie sono stringhe di testo di piccola dimensione che un sito web pu\u00f2 inviare, durante la navigazione, al tuo dispositivo (sia esso un pc, un notebook, uno smartphone, un tablet; di norma sono conservati direttamente sul browser utilizzato per la navigazione). Lo stesso sito web che li ha trasmessi, poi pu\u00f2 leggere e registrare i cookie che si trovano sullo stesso dispositivo per ottenere informazioni di vario tipo. Quali? Per ogni tipo di cookie c\u2019\u00e8 un ruolo ben definito.<\/p>\n<h2>QUANTI TIPI DI COOKIE ESISTONO?<\/h2>\n<p>Esistono due categorie principali fondamentali, con caratteristiche diverse: cookie tecnici e cookie di profilazione<\/p>\n<p><strong>I cookie tecnici<\/strong> sono generalmente necessari per il corretto funzionamento del sito web e per permettere la navigazione; senza di essi l\u2019utente potrebbe non essere in grado di visualizzare correttamente le pagine oppure di utilizzare alcuni servizi. Per esempio, un cookie tecnico \u00e8 indispensabile per mantenere l\u2019utente collegato durante tutta la visita a un sito web, oppure per memorizzare le impostazioni della lingua, della visualizzazione, e cos\u00ec via.<\/p>\n<p>I cookie tecnici possono essere ulteriormente distinti in:<\/p>\n<ul>\n<li>cookie di navigazione, che garantiscono la normale navigazione e fruizione del sito web (permettendo, ad esempio, di realizzare un acquisto o autenticarsi per accedere ad aree riservate);<\/li>\n<li>cookie analytics, assimilati ai cookie tecnici solo laddove utilizzati direttamente dal gestore del sito per raccogliere informazioni, in forma aggregata, sul numero degli utenti e su come questi visitano il sito stesso.<\/li>\n<li>cookie di funzionalit\u00e0, che permettono all\u2019utente la navigazione in funzione di una serie di criteri selezionati (ad esempio, la lingua, i prodotti selezionati per l\u2019acquisto) al fine di migliorare il servizio reso allo stesso.<\/li>\n<\/ul>\n<p><strong>I cookie di profilazione<\/strong> sono pi\u00f9 sofisticati. Questi cookie hanno il compito di profilare l\u2019utente e vengono utilizzati al fine di inviare messaggi pubblicitari in linea con le preferenze manifestate dallo stesso durante la sua navigazione.<\/p>\n<p>I cookie possono, ancora, essere classificati come:<\/p>\n<ul>\n<li>cookie di sessione, i quali vengono cancellati immediatamente alla chiusura del browser di navigazione;<\/li>\n<li>cookie persistenti, i quali (a differenza di quelli di sessione) rimangono all\u2019interno del browser per un determinato periodo di tempo. Sono utilizzati, ad esempio, per riconoscere il dispositivo che si collega al sito agevolando le operazioni di autenticazione per l\u2019utente.<\/li>\n<li>cookie di prima parte (first-part cookie) ossia cookie generati e gestiti direttamente dal soggetto gestore del sito web sul quale l\u2019utente sta navigando.<\/li>\n<li>cookie di terza parte (third-part cookie), i quali sono generati e gestiti da soggetti diversi dal gestore del sito web sul quale l\u2019utente sta navigando (in forza, di regola, di un contratto tra il titolare del sito web e la terza parte).<\/li>\n<\/ul>\n<h2>QUALI TIPOLOGIE DI COOKIE UTILIZZA IL NOSTRO SITO?<\/h2>\n<p>Utilizziamo cookie tecnici, finalizzati a garantire il corretto funzionamento del nostro sito, senza dei quali la tua esperienza di navigazione non sarebbe gradevole.<\/p>\n<p>Per migliorare il nostro sito e comprendere quali parti o elementi siano maggiormente apprezzati dagli utenti utilizziamo anche, come strumento di analisi anonima e aggregata, un cookie di terza parte, ossia Google Analytics. Questo cookie non \u00e8 uno strumento di nostra titolarit\u00e0, per maggiori informazioni, pertanto, \u00e8 possibile consultare l\u2019informativa fornita da Google al seguente indirizzo:<\/p>\n<p>https:\/\/www.google.it\/policies\/privacy\/partners\/<\/p>\n<p>I cookie tecnici e gli analytics sono gli unici cookie che usiamo per rendere la tua navigazione piacevole. Non utilizziamo invece cookie di profilazione.<\/p>\n<h2>QUALI NELLO SPECIFICO?<\/h2>\n<p>Dettaglio dei cookie tecnici:<\/p>\n<ul>\n<li>_ga: usato dal servizio di terze parti Google Analytics per distinguere gli utenti. SCADENZA: 2 anni.<\/li>\n<li>_gat: usato dal servizio di terze parti Google Analytics per distinguere gli utenti. SCADENZA: 1 anno.<\/li>\n<li>cookie_notice_accepted: usato per riconoscere la conferma dell&#8217;utente alla presa visione della normativa relativa a i cookies. SCADENZA: 30 giorni<\/li>\n<\/ul>\n<p>Per avere maggiori informazioni riguardo ai cookie di google analytics, puoi visitare la pagina dedicata\u00a0<a href=\"https:\/\/developers.google.com\/analytics\/devguides\/collection\/analyticsjs\/cookie-usage\">Cookie in Google Analytics<\/a>\u00a0Puoi visitare\u00a0<a href=\"https:\/\/www.google.it\/policies\/privacy\/partners\/\">questa pagina<\/a>\u00a0per approfondire le modalit\u00e0 di utilizzo dei dati da parte di Google Puoi visitare\u00a0<a href=\"https:\/\/tools.google.com\/dlpage\/gaoptout?hl=it\">questa pagina<\/a>\u00a0per scaricare il componente che ti serve per disattivare google analytics<\/p>\n<h2>Come controllo i cookie?<\/h2>\n<p>Puoi rifiutare di accettare i cookie da questo Sito in ogni momento semplicemente selezionando, su tuo browser, le impostanti che consentono di rifiutarli o utilizzando l&#8217;apposito pulsante &#8220;impostazioni privacy&#8221;. Ulteriori informazioni in merito alle procedure da seguire per disabilitare i cookie possono essere trovate sul sito internet del fornitore del tuo browser o attraverso gli strumenti di \u201chelp\u201d disponibili nella guida del browser. Attraverso questi link, puoi scoprire come attivare la navigazione anonima sui principali browser:\u00a0<a href=\"https:\/\/windows.microsoft.com\/it-it\/internet-explorer\/ie-do-not-track#ie=ie-11\">Internet Explorer<\/a>\u00a0&#8211;\u00a0<a href=\"https:\/\/support.google.com\/chrome\/answer\/95464?hl=it\">Google Chrome<\/a>\u00a0&#8211;\u00a0<a href=\"https:\/\/support.mozilla.org\/it\/kb\/Navigazione%20anonima\">Mozilla Firefox<\/a>\u00a0&#8211;\u00a0<a href=\"https:\/\/support.apple.com\/it-it\/HT6074\">Apple Safari<\/a>\u00a0<\/p>\n<h2>Siti Web e servizi di terze parti<\/h2>\n<p>Il Sito potrebbe contenere collegamenti ad altri siti Web che dispongono di una propria informativa sulla privacy che pu\u00f2 essere diverse da quella adottata da www.oliomandelli.it e che quindi non risponde di questi siti.<\/p>\n<p>[\/et_pb_text][\/et_pb_column][\/et_pb_row][\/et_pb_section]<\/p>\n","protected":false},"excerpt":{"rendered":"<p>[et_pb_section fb_built=&#8221;1&#8243; _builder_version=&#8221;3.19.6&#8243; custom_padding=&#8221;0px|0px|0px|0px|false|false&#8221;][et_pb_row make_fullwidth=&#8221;on&#8221; _builder_version=&#8221;3.19.6&#8243;][et_pb_column type=&#8221;4_4&#8243; _builder_version=&#8221;3.0.47&#8243; parallax=&#8221;off&#8221; parallax_method=&#8221;on&#8221;][et_pb_post_title meta=&#8221;off&#8221; featured_placement=&#8221;background&#8221; text_color=&#8221;light&#8221; _builder_version=&#8221;3.19.6&#8243; title_font_size=&#8221;60px&#8221; title_font_size_tablet=&#8221;26px&#8221; title_font_size_last_edited=&#8221;on|desktop&#8221; text_orientation=&#8221;center&#8221; text_shadow_style=&#8221;preset5&#8243;][\/et_pb_post_title][\/et_pb_column][\/et_pb_row][\/et_pb_section][et_pb_section fb_built=&#8221;1&#8243; _builder_version=&#8221;3.0.47&#8243;][et_pb_row _builder_version=&#8221;3.0.48&#8243; background_size=&#8221;initial&#8221; background_position=&#8221;top_left&#8221; background_repeat=&#8221;repeat&#8221;][et_pb_column type=&#8221;4_4&#8243; _builder_version=&#8221;3.0.47&#8243; parallax=&#8221;off&#8221; parallax_method=&#8221;on&#8221;][et_pb_text _builder_version=&#8221;3.19.6&#8243;] Informativa sull\u2019uso dei cookie aggiornata al 17\/02\/2019\u00a0\u00a0 Questa informativa sull\u2019utilizzo dei cookie sul sito web www.oliomandelli.it viene fornita all\u2019utente in attuazione del provvedimento del Garante [&hellip;]<\/p>\n","protected":false},"author":2,"featured_media":328,"parent":0,"menu_order":900200,"comment_status":"closed","ping_status":"closed","template":"","meta":{"_et_pb_use_builder":"on","_et_pb_old_content":"","_et_gb_content_width":"","spay_email":""},"jetpack_shortlink":"https:\/\/wp.me\/PaKOre-5h","_links":{"self":[{"href":"https:\/\/www.oliomandelli.it\/en\/wp-json\/wp\/v2\/pages\/327"}],"collection":[{"href":"https:\/\/www.oliomandelli.it\/en\/wp-json\/wp\/v2\/pages"}],"about":[{"href":"https:\/\/www.oliomandelli.it\/en\/wp-json\/wp\/v2\/types\/page"}],"author":[{"embeddable":true,"href":"https:\/\/www.oliomandelli.it\/en\/wp-json\/wp\/v2\/users\/2"}],"replies":[{"embeddable":true,"href":"https:\/\/www.oliomandelli.it\/en\/wp-json\/wp\/v2\/comments?post=327"}],"version-history":[{"count":0,"href":"https:\/\/www.oliomandelli.it\/en\/wp-json\/wp\/v2\/pages\/327\/revisions"}],"wp:featuredmedia":[{"embeddable":true,"href":"https:\/\/www.oliomandelli.it\/en\/wp-json\/wp\/v2\/media\/328"}],"wp:attachment":[{"href":"https:\/\/www.oliomandelli.it\/en\/wp-json\/wp\/v2\/media?parent=327"}],"curies":[{"name":"wp","href":"https:\/\/api.w.org\/{rel}","templated":true}]}}